{"id":2678,"date":"2022-10-13T05:38:18","date_gmt":"2022-10-13T04:38:18","guid":{"rendered":"https:\/\/aziendailmelograno.it\/kira-und-juno\/"},"modified":"2023-06-27T14:29:49","modified_gmt":"2023-06-27T13:29:49","slug":"kira-und-juno","status":"publish","type":"page","link":"https:\/\/aziendailmelograno.it\/de\/kira-und-juno\/","title":{"rendered":"Kira und Juno"},"content":{"rendered":"\t\t<div data-elementor-type=\"wp-page\" data-elementor-id=\"2678\" class=\"elementor elementor-2678 elementor-24\" data-elementor-post-type=\"page\">\n\t\t\t\t\t\t<section class=\"elementor-section elementor-top-section elementor-element elementor-element-9dd45fb inner_pg_banner elementor-section-boxed elementor-section-height-default elementor-section-height-default\" data-id=\"9dd45fb\" data-element_type=\"section\" data-e-type=\"section\" data-settings=\"{&quot;background_background&quot;:&quot;classic&quot;}\">\n\t\t\t\t\t\t\t<div class=\"elementor-background-overlay\"><\/div>\n\t\t\t\t\t\t\t<div class=\"elementor-container elementor-column-gap-no\">\n\t\t\t\t\t<div class=\"elementor-column elementor-col-100 elementor-top-column elementor-element elementor-element-adeebd1\" data-id=\"adeebd1\" data-element_type=\"column\" data-e-type=\"column\">\n\t\t\t<div class=\"elementor-widget-wrap elementor-element-populated\">\n\t\t\t\t\t\t<div class=\"elementor-element elementor-element-344b4d5 elementor-widget elementor-widget-spacer\" data-id=\"344b4d5\" data-element_type=\"widget\" data-e-type=\"widget\" data-widget_type=\"spacer.default\">\n\t\t\t\t<div class=\"elementor-widget-container\">\n\t\t\t\t\t\t\t<div class=\"elementor-spacer\">\n\t\t\t<div class=\"elementor-spacer-inner\"><\/div>\n\t\t<\/div>\n\t\t\t\t\t\t<\/div>\n\t\t\t\t<\/div>\n\t\t\t\t\t<\/div>\n\t\t<\/div>\n\t\t\t\t\t<\/div>\n\t\t<\/section>\n\t\t\t\t<section class=\"elementor-section elementor-top-section elementor-element elementor-element-7fa7a18 kiraejuno_pg_sec elementor-section-boxed elementor-section-height-default elementor-section-height-default\" data-id=\"7fa7a18\" data-element_type=\"section\" data-e-type=\"section\">\n\t\t\t\t\t\t<div class=\"elementor-container elementor-column-gap-no\">\n\t\t\t\t\t<div class=\"elementor-column elementor-col-100 elementor-top-column elementor-element elementor-element-413db15 main_wrapper\" data-id=\"413db15\" data-element_type=\"column\" data-e-type=\"column\">\n\t\t\t<div class=\"elementor-widget-wrap elementor-element-populated\">\n\t\t\t\t\t\t<section class=\"elementor-section elementor-inner-section elementor-element elementor-element-820df71 inner_sec elementor-section-content-middle elementor-section-boxed elementor-section-height-default elementor-section-height-default\" data-id=\"820df71\" data-element_type=\"section\" data-e-type=\"section\">\n\t\t\t\t\t\t<div class=\"elementor-container elementor-column-gap-no\">\n\t\t\t\t\t<div class=\"elementor-column elementor-col-33 elementor-inner-column elementor-element elementor-element-52b2e08 sec_column1\" data-id=\"52b2e08\" data-element_type=\"column\" data-e-type=\"column\">\n\t\t\t<div class=\"elementor-widget-wrap elementor-element-populated\">\n\t\t\t\t\t\t<div class=\"elementor-element elementor-element-c8b5ca6 elementor-widget__width-auto elementor-widget elementor-widget-image\" data-id=\"c8b5ca6\" data-element_type=\"widget\" data-e-type=\"widget\" data-widget_type=\"image.default\">\n\t\t\t\t<div class=\"elementor-widget-container\">\n\t\t\t\t\t\t\t\t\t\t\t\t\t\t\t<img fetchpriority=\"high\" decoding=\"async\" width=\"317\" height=\"424\" src=\"https:\/\/aziendailmelograno.it\/wp-content\/uploads\/2022\/10\/dog-img1.jpg\" class=\"attachment-full size-full wp-image-302\" alt=\"\" srcset=\"https:\/\/aziendailmelograno.it\/wp-content\/uploads\/2022\/10\/dog-img1.jpg 317w, https:\/\/aziendailmelograno.it\/wp-content\/uploads\/2022\/10\/dog-img1-224x300.jpg 224w\" sizes=\"(max-width: 317px) 100vw, 317px\" \/>\t\t\t\t\t\t\t\t\t\t\t\t\t\t\t<\/div>\n\t\t\t\t<\/div>\n\t\t\t\t\t<\/div>\n\t\t<\/div>\n\t\t\t\t<div class=\"elementor-column elementor-col-33 elementor-inner-column elementor-element elementor-element-93b16dd sec_content sec_column2\" data-id=\"93b16dd\" data-element_type=\"column\" data-e-type=\"column\">\n\t\t\t<div class=\"elementor-widget-wrap elementor-element-populated\">\n\t\t\t\t\t\t<div class=\"elementor-element elementor-element-19b334a elementor-widget elementor-widget-heading\" data-id=\"19b334a\" data-element_type=\"widget\" data-e-type=\"widget\" data-widget_type=\"heading.default\">\n\t\t\t\t<div class=\"elementor-widget-container\">\n\t\t\t\t\t<h2 class=\"elementor-heading-title elementor-size-default\">Kira und Juno<\/h2>\t\t\t\t<\/div>\n\t\t\t\t<\/div>\n\t\t\t\t<div class=\"elementor-element elementor-element-8aa9240 elementor-widget elementor-widget-text-editor\" data-id=\"8aa9240\" data-element_type=\"widget\" data-e-type=\"widget\" data-widget_type=\"text-editor.default\">\n\t\t\t\t<div class=\"elementor-widget-container\">\n\t\t\t\t\t\t\t\t\t<p>Kira und Juno sind unsere Maskottchen, die die Kunden bei ihrer Ankunft begr\u00fc\u00dfen und bei ihrer Abreise willkommen hei\u00dfen. W\u00e4hrend ihres Aufenthalts sind sie daran gew\u00f6hnt, durch den Garten zu streifen, und man kann sie oft im Spielbereich antreffen, wo sie Kinder jagen, mit ihnen Ball spielen oder sich einfach hinhocken, um unsere G\u00e4ste beim Entspannen am Pool zu beobachten.  <\/p>\n\t\t\t\t\t\t\t\t<\/div>\n\t\t\t\t<\/div>\n\t\t\t\t\t<\/div>\n\t\t<\/div>\n\t\t\t\t<div class=\"elementor-column elementor-col-33 elementor-inner-column elementor-element elementor-element-809ac99 sec_column3\" data-id=\"809ac99\" data-element_type=\"column\" data-e-type=\"column\">\n\t\t\t<div class=\"elementor-widget-wrap elementor-element-populated\">\n\t\t\t\t\t\t<div class=\"elementor-element elementor-element-2ef46a7 elementor-widget__width-auto elementor-widget elementor-widget-image\" data-id=\"2ef46a7\" data-element_type=\"widget\" data-e-type=\"widget\" data-widget_type=\"image.default\">\n\t\t\t\t<div class=\"elementor-widget-container\">\n\t\t\t\t\t\t\t\t\t\t\t\t\t\t\t<img decoding=\"async\" width=\"317\" height=\"424\" src=\"https:\/\/aziendailmelograno.it\/wp-content\/uploads\/2022\/10\/dog-img2.jpg\" class=\"attachment-full size-full wp-image-303\" alt=\"\" srcset=\"https:\/\/aziendailmelograno.it\/wp-content\/uploads\/2022\/10\/dog-img2.jpg 317w, https:\/\/aziendailmelograno.it\/wp-content\/uploads\/2022\/10\/dog-img2-224x300.jpg 224w\" sizes=\"(max-width: 317px) 100vw, 317px\" \/>\t\t\t\t\t\t\t\t\t\t\t\t\t\t\t<\/div>\n\t\t\t\t<\/div>\n\t\t\t\t\t<\/div>\n\t\t<\/div>\n\t\t\t\t\t<\/div>\n\t\t<\/section>\n\t\t\t\t<section class=\"elementor-section elementor-inner-section elementor-element elementor-element-40d4071 gallery_inner_sec elementor-section-boxed elementor-section-height-default elementor-section-height-default\" data-id=\"40d4071\" data-element_type=\"section\" data-e-type=\"section\">\n\t\t\t\t\t\t<div class=\"elementor-container elementor-column-gap-no\">\n\t\t\t\t\t<div class=\"elementor-column elementor-col-100 elementor-inner-column elementor-element elementor-element-0ef0978\" data-id=\"0ef0978\" data-element_type=\"column\" data-e-type=\"column\">\n\t\t\t<div class=\"elementor-widget-wrap elementor-element-populated\">\n\t\t\t\t\t\t<div class=\"elementor-element elementor-element-44f672a elementor-widget elementor-widget-gallery\" data-id=\"44f672a\" data-element_type=\"widget\" data-e-type=\"widget\" data-settings=\"{&quot;gap&quot;:{&quot;unit&quot;:&quot;px&quot;,&quot;size&quot;:16,&quot;sizes&quot;:[]},&quot;aspect_ratio&quot;:&quot;1:1&quot;,&quot;columns_tablet&quot;:4,&quot;columns_mobile&quot;:2,&quot;lazyload&quot;:&quot;yes&quot;,&quot;gallery_layout&quot;:&quot;grid&quot;,&quot;columns&quot;:4,&quot;gap_tablet&quot;:{&quot;unit&quot;:&quot;px&quot;,&quot;size&quot;:10,&quot;sizes&quot;:[]},&quot;gap_mobile&quot;:{&quot;unit&quot;:&quot;px&quot;,&quot;size&quot;:10,&quot;sizes&quot;:[]},&quot;link_to&quot;:&quot;file&quot;,&quot;overlay_background&quot;:&quot;yes&quot;,&quot;content_hover_animation&quot;:&quot;fade-in&quot;}\" data-widget_type=\"gallery.default\">\n\t\t\t\t<div class=\"elementor-widget-container\">\n\t\t\t\t\t\t\t<div class=\"elementor-gallery__container\">\n\t\t\t\t\t\t\t<a class=\"e-gallery-item elementor-gallery-item elementor-animated-content\" href=\"https:\/\/aziendailmelograno.it\/wp-content\/uploads\/2022\/10\/021.jpg\" data-elementor-open-lightbox=\"yes\" data-elementor-lightbox-slideshow=\"44f672a\" data-elementor-lightbox-title=\"021\" data-e-action-hash=\"#elementor-action%3Aaction%3Dlightbox%26settings%3DeyJpZCI6MzIyLCJ1cmwiOiJodHRwczpcL1wvYXppZW5kYWlsbWVsb2dyYW5vLml0XC93cC1jb250ZW50XC91cGxvYWRzXC8yMDIyXC8xMFwvMDIxLmpwZyIsInNsaWRlc2hvdyI6IjQ0ZjY3MmEifQ%3D%3D\">\n\t\t\t\t\t<div class=\"e-gallery-image elementor-gallery-item__image\" data-thumbnail=\"https:\/\/aziendailmelograno.it\/wp-content\/uploads\/2022\/10\/021.jpg\" data-width=\"586\" data-height=\"584\" aria-label=\"\" role=\"img\" ><\/div>\n\t\t\t\t\t\t\t\t\t\t\t<div class=\"elementor-gallery-item__overlay\"><\/div>\n\t\t\t\t\t\t\t\t\t\t\t\t\t\t<\/a>\n\t\t\t\t\t\t\t<a class=\"e-gallery-item elementor-gallery-item elementor-animated-content\" href=\"https:\/\/aziendailmelograno.it\/wp-content\/uploads\/2022\/10\/024.jpg\" data-elementor-open-lightbox=\"yes\" data-elementor-lightbox-slideshow=\"44f672a\" data-elementor-lightbox-title=\"024\" data-e-action-hash=\"#elementor-action%3Aaction%3Dlightbox%26settings%3DeyJpZCI6MzIzLCJ1cmwiOiJodHRwczpcL1wvYXppZW5kYWlsbWVsb2dyYW5vLml0XC93cC1jb250ZW50XC91cGxvYWRzXC8yMDIyXC8xMFwvMDI0LmpwZyIsInNsaWRlc2hvdyI6IjQ0ZjY3MmEifQ%3D%3D\">\n\t\t\t\t\t<div class=\"e-gallery-image elementor-gallery-item__image\" data-thumbnail=\"https:\/\/aziendailmelograno.it\/wp-content\/uploads\/2022\/10\/024.jpg\" data-width=\"584\" data-height=\"584\" aria-label=\"\" role=\"img\" ><\/div>\n\t\t\t\t\t\t\t\t\t\t\t<div class=\"elementor-gallery-item__overlay\"><\/div>\n\t\t\t\t\t\t\t\t\t\t\t\t\t\t<\/a>\n\t\t\t\t\t\t\t<a class=\"e-gallery-item elementor-gallery-item elementor-animated-content\" href=\"https:\/\/aziendailmelograno.it\/wp-content\/uploads\/2022\/10\/038.jpg\" data-elementor-open-lightbox=\"yes\" data-elementor-lightbox-slideshow=\"44f672a\" data-elementor-lightbox-title=\"038\" data-e-action-hash=\"#elementor-action%3Aaction%3Dlightbox%26settings%3DeyJpZCI6MzI0LCJ1cmwiOiJodHRwczpcL1wvYXppZW5kYWlsbWVsb2dyYW5vLml0XC93cC1jb250ZW50XC91cGxvYWRzXC8yMDIyXC8xMFwvMDM4LmpwZyIsInNsaWRlc2hvdyI6IjQ0ZjY3MmEifQ%3D%3D\">\n\t\t\t\t\t<div class=\"e-gallery-image elementor-gallery-item__image\" data-thumbnail=\"https:\/\/aziendailmelograno.it\/wp-content\/uploads\/2022\/10\/038.jpg\" data-width=\"586\" data-height=\"584\" aria-label=\"\" role=\"img\" ><\/div>\n\t\t\t\t\t\t\t\t\t\t\t<div class=\"elementor-gallery-item__overlay\"><\/div>\n\t\t\t\t\t\t\t\t\t\t\t\t\t\t<\/a>\n\t\t\t\t\t\t\t<a class=\"e-gallery-item elementor-gallery-item elementor-animated-content\" href=\"https:\/\/aziendailmelograno.it\/wp-content\/uploads\/2022\/10\/055.jpg\" data-elementor-open-lightbox=\"yes\" data-elementor-lightbox-slideshow=\"44f672a\" data-elementor-lightbox-title=\"055\" data-e-action-hash=\"#elementor-action%3Aaction%3Dlightbox%26settings%3DeyJpZCI6MzI1LCJ1cmwiOiJodHRwczpcL1wvYXppZW5kYWlsbWVsb2dyYW5vLml0XC93cC1jb250ZW50XC91cGxvYWRzXC8yMDIyXC8xMFwvMDU1LmpwZyIsInNsaWRlc2hvdyI6IjQ0ZjY3MmEifQ%3D%3D\">\n\t\t\t\t\t<div class=\"e-gallery-image elementor-gallery-item__image\" data-thumbnail=\"https:\/\/aziendailmelograno.it\/wp-content\/uploads\/2022\/10\/055.jpg\" data-width=\"584\" data-height=\"584\" aria-label=\"\" role=\"img\" ><\/div>\n\t\t\t\t\t\t\t\t\t\t\t<div class=\"elementor-gallery-item__overlay\"><\/div>\n\t\t\t\t\t\t\t\t\t\t\t\t\t\t<\/a>\n\t\t\t\t\t\t\t<a class=\"e-gallery-item elementor-gallery-item elementor-animated-content\" href=\"https:\/\/aziendailmelograno.it\/wp-content\/uploads\/2022\/10\/066.jpg\" data-elementor-open-lightbox=\"yes\" data-elementor-lightbox-slideshow=\"44f672a\" data-elementor-lightbox-title=\"066\" data-e-action-hash=\"#elementor-action%3Aaction%3Dlightbox%26settings%3DeyJpZCI6MzI2LCJ1cmwiOiJodHRwczpcL1wvYXppZW5kYWlsbWVsb2dyYW5vLml0XC93cC1jb250ZW50XC91cGxvYWRzXC8yMDIyXC8xMFwvMDY2LmpwZyIsInNsaWRlc2hvdyI6IjQ0ZjY3MmEifQ%3D%3D\">\n\t\t\t\t\t<div class=\"e-gallery-image elementor-gallery-item__image\" data-thumbnail=\"https:\/\/aziendailmelograno.it\/wp-content\/uploads\/2022\/10\/066.jpg\" data-width=\"586\" data-height=\"584\" aria-label=\"\" role=\"img\" ><\/div>\n\t\t\t\t\t\t\t\t\t\t\t<div class=\"elementor-gallery-item__overlay\"><\/div>\n\t\t\t\t\t\t\t\t\t\t\t\t\t\t<\/a>\n\t\t\t\t\t\t\t<a class=\"e-gallery-item elementor-gallery-item elementor-animated-content\" href=\"https:\/\/aziendailmelograno.it\/wp-content\/uploads\/2022\/10\/067.jpg\" data-elementor-open-lightbox=\"yes\" data-elementor-lightbox-slideshow=\"44f672a\" data-elementor-lightbox-title=\"067\" data-e-action-hash=\"#elementor-action%3Aaction%3Dlightbox%26settings%3DeyJpZCI6MzI3LCJ1cmwiOiJodHRwczpcL1wvYXppZW5kYWlsbWVsb2dyYW5vLml0XC93cC1jb250ZW50XC91cGxvYWRzXC8yMDIyXC8xMFwvMDY3LmpwZyIsInNsaWRlc2hvdyI6IjQ0ZjY3MmEifQ%3D%3D\">\n\t\t\t\t\t<div class=\"e-gallery-image elementor-gallery-item__image\" data-thumbnail=\"https:\/\/aziendailmelograno.it\/wp-content\/uploads\/2022\/10\/067.jpg\" data-width=\"586\" data-height=\"584\" aria-label=\"\" role=\"img\" ><\/div>\n\t\t\t\t\t\t\t\t\t\t\t<div class=\"elementor-gallery-item__overlay\"><\/div>\n\t\t\t\t\t\t\t\t\t\t\t\t\t\t<\/a>\n\t\t\t\t\t\t\t<a class=\"e-gallery-item elementor-gallery-item elementor-animated-content\" href=\"https:\/\/aziendailmelograno.it\/wp-content\/uploads\/2022\/10\/070.jpg\" data-elementor-open-lightbox=\"yes\" data-elementor-lightbox-slideshow=\"44f672a\" data-elementor-lightbox-title=\"070\" data-e-action-hash=\"#elementor-action%3Aaction%3Dlightbox%26settings%3DeyJpZCI6MzI4LCJ1cmwiOiJodHRwczpcL1wvYXppZW5kYWlsbWVsb2dyYW5vLml0XC93cC1jb250ZW50XC91cGxvYWRzXC8yMDIyXC8xMFwvMDcwLmpwZyIsInNsaWRlc2hvdyI6IjQ0ZjY3MmEifQ%3D%3D\">\n\t\t\t\t\t<div class=\"e-gallery-image elementor-gallery-item__image\" data-thumbnail=\"https:\/\/aziendailmelograno.it\/wp-content\/uploads\/2022\/10\/070.jpg\" data-width=\"584\" data-height=\"584\" aria-label=\"\" role=\"img\" ><\/div>\n\t\t\t\t\t\t\t\t\t\t\t<div class=\"elementor-gallery-item__overlay\"><\/div>\n\t\t\t\t\t\t\t\t\t\t\t\t\t\t<\/a>\n\t\t\t\t\t\t\t<a class=\"e-gallery-item elementor-gallery-item elementor-animated-content\" href=\"https:\/\/aziendailmelograno.it\/wp-content\/uploads\/2022\/10\/072.jpg\" data-elementor-open-lightbox=\"yes\" data-elementor-lightbox-slideshow=\"44f672a\" data-elementor-lightbox-title=\"072\" data-e-action-hash=\"#elementor-action%3Aaction%3Dlightbox%26settings%3DeyJpZCI6MzI5LCJ1cmwiOiJodHRwczpcL1wvYXppZW5kYWlsbWVsb2dyYW5vLml0XC93cC1jb250ZW50XC91cGxvYWRzXC8yMDIyXC8xMFwvMDcyLmpwZyIsInNsaWRlc2hvdyI6IjQ0ZjY3MmEifQ%3D%3D\">\n\t\t\t\t\t<div class=\"e-gallery-image elementor-gallery-item__image\" data-thumbnail=\"https:\/\/aziendailmelograno.it\/wp-content\/uploads\/2022\/10\/072.jpg\" data-width=\"584\" data-height=\"584\" aria-label=\"\" role=\"img\" ><\/div>\n\t\t\t\t\t\t\t\t\t\t\t<div class=\"elementor-gallery-item__overlay\"><\/div>\n\t\t\t\t\t\t\t\t\t\t\t\t\t\t<\/a>\n\t\t\t\t\t<\/div>\n\t\t\t\t\t<\/div>\n\t\t\t\t<\/div>\n\t\t\t\t\t<\/div>\n\t\t<\/div>\n\t\t\t\t\t<\/div>\n\t\t<\/section>\n\t\t\t\t\t<\/div>\n\t\t<\/div>\n\t\t\t\t\t<\/div>\n\t\t<\/section>\n\t\t\t\t<\/div>\n\t\t","protected":false},"excerpt":{"rendered":"<p>Kira und Juno Kira und Juno sind unsere Maskottchen, die die Kunden bei ihrer Ankunft begr\u00fc\u00dfen und bei ihrer Abreise willkommen hei\u00dfen. W\u00e4hrend ihres Aufenthalts sind sie daran gew\u00f6hnt, durch den Garten zu streifen, und man kann sie oft im Spielbereich antreffen, wo sie Kinder jagen, mit ihnen Ball spielen oder sich einfach hinhocken, um [&hellip;]<\/p>\n","protected":false},"author":2,"featured_media":0,"parent":0,"menu_order":0,"comment_status":"closed","ping_status":"closed","template":"elementor_header_footer","meta":{"footnotes":""},"class_list":["post-2678","page","type-page","status-publish","hentry"],"yoast_head":"<!-- This site is optimized with the Yoast SEO plugin v24.6 - https:\/\/yoast.com\/wordpress\/plugins\/seo\/ -->\n<title>Kira und Juno - Azienda il Melograno<\/title>\n<meta name=\"robots\" content=\"index, follow, max-snippet:-1, max-image-preview:large, max-video-preview:-1\" \/>\n<link rel=\"canonical\" href=\"https:\/\/aziendailmelograno.it\/de\/kira-und-juno\/\" \/>\n<meta property=\"og:locale\" content=\"de_DE\" \/>\n<meta property=\"og:type\" content=\"article\" \/>\n<meta property=\"og:title\" content=\"Kira und Juno - Azienda il Melograno\" \/>\n<meta property=\"og:description\" content=\"Kira und Juno Kira und Juno sind unsere Maskottchen, die die Kunden bei ihrer Ankunft begr\u00fc\u00dfen und bei ihrer Abreise willkommen hei\u00dfen. W\u00e4hrend ihres Aufenthalts sind sie daran gew\u00f6hnt, durch den Garten zu streifen, und man kann sie oft im Spielbereich antreffen, wo sie Kinder jagen, mit ihnen Ball spielen oder sich einfach hinhocken, um [&hellip;]\" \/>\n<meta property=\"og:url\" content=\"https:\/\/aziendailmelograno.it\/de\/kira-und-juno\/\" \/>\n<meta property=\"og:site_name\" content=\"Azienda il Melograno\" \/>\n<meta property=\"article:publisher\" content=\"https:\/\/www.facebook.com\/aziendailmelograno\" \/>\n<meta property=\"article:modified_time\" content=\"2023-06-27T13:29:49+00:00\" \/>\n<meta property=\"og:image\" content=\"https:\/\/aziendailmelograno.it\/wp-content\/uploads\/2022\/10\/dog-img1.jpg\" \/>\n<meta name=\"twitter:card\" content=\"summary_large_image\" \/>\n<script type=\"application\/ld+json\" class=\"yoast-schema-graph\">{\"@context\":\"https:\/\/schema.org\",\"@graph\":[{\"@type\":\"WebPage\",\"@id\":\"https:\/\/aziendailmelograno.it\/de\/kira-und-juno\/\",\"url\":\"https:\/\/aziendailmelograno.it\/de\/kira-und-juno\/\",\"name\":\"Kira und Juno - Azienda il Melograno\",\"isPartOf\":{\"@id\":\"https:\/\/aziendailmelograno.it\/de\/#website\"},\"primaryImageOfPage\":{\"@id\":\"https:\/\/aziendailmelograno.it\/de\/kira-und-juno\/#primaryimage\"},\"image\":{\"@id\":\"https:\/\/aziendailmelograno.it\/de\/kira-und-juno\/#primaryimage\"},\"thumbnailUrl\":\"https:\/\/aziendailmelograno.it\/wp-content\/uploads\/2022\/10\/dog-img1.jpg\",\"datePublished\":\"2022-10-13T04:38:18+00:00\",\"dateModified\":\"2023-06-27T13:29:49+00:00\",\"breadcrumb\":{\"@id\":\"https:\/\/aziendailmelograno.it\/de\/kira-und-juno\/#breadcrumb\"},\"inLanguage\":\"de\",\"potentialAction\":[{\"@type\":\"ReadAction\",\"target\":[\"https:\/\/aziendailmelograno.it\/de\/kira-und-juno\/\"]}]},{\"@type\":\"ImageObject\",\"inLanguage\":\"de\",\"@id\":\"https:\/\/aziendailmelograno.it\/de\/kira-und-juno\/#primaryimage\",\"url\":\"https:\/\/aziendailmelograno.it\/wp-content\/uploads\/2022\/10\/dog-img1.jpg\",\"contentUrl\":\"https:\/\/aziendailmelograno.it\/wp-content\/uploads\/2022\/10\/dog-img1.jpg\"},{\"@type\":\"BreadcrumbList\",\"@id\":\"https:\/\/aziendailmelograno.it\/de\/kira-und-juno\/#breadcrumb\",\"itemListElement\":[{\"@type\":\"ListItem\",\"position\":1,\"name\":\"Home\",\"item\":\"https:\/\/aziendailmelograno.it\/de\/\"},{\"@type\":\"ListItem\",\"position\":2,\"name\":\"Kira und Juno\"}]},{\"@type\":\"WebSite\",\"@id\":\"https:\/\/aziendailmelograno.it\/de\/#website\",\"url\":\"https:\/\/aziendailmelograno.it\/de\/\",\"name\":\"Azienda il Melograno\",\"description\":\"Il luogo perfetto per la tua vacanza\",\"publisher\":{\"@id\":\"https:\/\/aziendailmelograno.it\/de\/#organization\"},\"potentialAction\":[{\"@type\":\"SearchAction\",\"target\":{\"@type\":\"EntryPoint\",\"urlTemplate\":\"https:\/\/aziendailmelograno.it\/de\/?s={search_term_string}\"},\"query-input\":{\"@type\":\"PropertyValueSpecification\",\"valueRequired\":true,\"valueName\":\"search_term_string\"}}],\"inLanguage\":\"de\"},{\"@type\":\"Organization\",\"@id\":\"https:\/\/aziendailmelograno.it\/de\/#organization\",\"name\":\"Azienda il Melograno\",\"url\":\"https:\/\/aziendailmelograno.it\/de\/\",\"logo\":{\"@type\":\"ImageObject\",\"inLanguage\":\"de\",\"@id\":\"https:\/\/aziendailmelograno.it\/de\/#\/schema\/logo\/image\/\",\"url\":\"https:\/\/aziendailmelograno.it\/wp-content\/uploads\/2022\/10\/Logo.svg\",\"contentUrl\":\"https:\/\/aziendailmelograno.it\/wp-content\/uploads\/2022\/10\/Logo.svg\",\"width\":130,\"height\":130,\"caption\":\"Azienda il Melograno\"},\"image\":{\"@id\":\"https:\/\/aziendailmelograno.it\/de\/#\/schema\/logo\/image\/\"},\"sameAs\":[\"https:\/\/www.facebook.com\/aziendailmelograno\",\"https:\/\/www.instagram.com\/agriturismoilmelograno\/?hl=it\"]}]}<\/script>\n<!-- \/ Yoast SEO plugin. -->","yoast_head_json":{"title":"Kira und Juno - Azienda il Melograno","robots":{"index":"index","follow":"follow","max-snippet":"max-snippet:-1","max-image-preview":"max-image-preview:large","max-video-preview":"max-video-preview:-1"},"canonical":"https:\/\/aziendailmelograno.it\/de\/kira-und-juno\/","og_locale":"de_DE","og_type":"article","og_title":"Kira und Juno - Azienda il Melograno","og_description":"Kira und Juno Kira und Juno sind unsere Maskottchen, die die Kunden bei ihrer Ankunft begr\u00fc\u00dfen und bei ihrer Abreise willkommen hei\u00dfen. W\u00e4hrend ihres Aufenthalts sind sie daran gew\u00f6hnt, durch den Garten zu streifen, und man kann sie oft im Spielbereich antreffen, wo sie Kinder jagen, mit ihnen Ball spielen oder sich einfach hinhocken, um [&hellip;]","og_url":"https:\/\/aziendailmelograno.it\/de\/kira-und-juno\/","og_site_name":"Azienda il Melograno","article_publisher":"https:\/\/www.facebook.com\/aziendailmelograno","article_modified_time":"2023-06-27T13:29:49+00:00","og_image":[{"url":"https:\/\/aziendailmelograno.it\/wp-content\/uploads\/2022\/10\/dog-img1.jpg","type":"","width":"","height":""}],"twitter_card":"summary_large_image","schema":{"@context":"https:\/\/schema.org","@graph":[{"@type":"WebPage","@id":"https:\/\/aziendailmelograno.it\/de\/kira-und-juno\/","url":"https:\/\/aziendailmelograno.it\/de\/kira-und-juno\/","name":"Kira und Juno - Azienda il Melograno","isPartOf":{"@id":"https:\/\/aziendailmelograno.it\/de\/#website"},"primaryImageOfPage":{"@id":"https:\/\/aziendailmelograno.it\/de\/kira-und-juno\/#primaryimage"},"image":{"@id":"https:\/\/aziendailmelograno.it\/de\/kira-und-juno\/#primaryimage"},"thumbnailUrl":"https:\/\/aziendailmelograno.it\/wp-content\/uploads\/2022\/10\/dog-img1.jpg","datePublished":"2022-10-13T04:38:18+00:00","dateModified":"2023-06-27T13:29:49+00:00","breadcrumb":{"@id":"https:\/\/aziendailmelograno.it\/de\/kira-und-juno\/#breadcrumb"},"inLanguage":"de","potentialAction":[{"@type":"ReadAction","target":["https:\/\/aziendailmelograno.it\/de\/kira-und-juno\/"]}]},{"@type":"ImageObject","inLanguage":"de","@id":"https:\/\/aziendailmelograno.it\/de\/kira-und-juno\/#primaryimage","url":"https:\/\/aziendailmelograno.it\/wp-content\/uploads\/2022\/10\/dog-img1.jpg","contentUrl":"https:\/\/aziendailmelograno.it\/wp-content\/uploads\/2022\/10\/dog-img1.jpg"},{"@type":"BreadcrumbList","@id":"https:\/\/aziendailmelograno.it\/de\/kira-und-juno\/#breadcrumb","itemListElement":[{"@type":"ListItem","position":1,"name":"Home","item":"https:\/\/aziendailmelograno.it\/de\/"},{"@type":"ListItem","position":2,"name":"Kira und Juno"}]},{"@type":"WebSite","@id":"https:\/\/aziendailmelograno.it\/de\/#website","url":"https:\/\/aziendailmelograno.it\/de\/","name":"Azienda il Melograno","description":"Il luogo perfetto per la tua vacanza","publisher":{"@id":"https:\/\/aziendailmelograno.it\/de\/#organization"},"potentialAction":[{"@type":"SearchAction","target":{"@type":"EntryPoint","urlTemplate":"https:\/\/aziendailmelograno.it\/de\/?s={search_term_string}"},"query-input":{"@type":"PropertyValueSpecification","valueRequired":true,"valueName":"search_term_string"}}],"inLanguage":"de"},{"@type":"Organization","@id":"https:\/\/aziendailmelograno.it\/de\/#organization","name":"Azienda il Melograno","url":"https:\/\/aziendailmelograno.it\/de\/","logo":{"@type":"ImageObject","inLanguage":"de","@id":"https:\/\/aziendailmelograno.it\/de\/#\/schema\/logo\/image\/","url":"https:\/\/aziendailmelograno.it\/wp-content\/uploads\/2022\/10\/Logo.svg","contentUrl":"https:\/\/aziendailmelograno.it\/wp-content\/uploads\/2022\/10\/Logo.svg","width":130,"height":130,"caption":"Azienda il Melograno"},"image":{"@id":"https:\/\/aziendailmelograno.it\/de\/#\/schema\/logo\/image\/"},"sameAs":["https:\/\/www.facebook.com\/aziendailmelograno","https:\/\/www.instagram.com\/agriturismoilmelograno\/?hl=it"]}]}},"_links":{"self":[{"href":"https:\/\/aziendailmelograno.it\/de\/wp-json\/wp\/v2\/pages\/2678","targetHints":{"allow":["GET"]}}],"collection":[{"href":"https:\/\/aziendailmelograno.it\/de\/wp-json\/wp\/v2\/pages"}],"about":[{"href":"https:\/\/aziendailmelograno.it\/de\/wp-json\/wp\/v2\/types\/page"}],"author":[{"embeddable":true,"href":"https:\/\/aziendailmelograno.it\/de\/wp-json\/wp\/v2\/users\/2"}],"replies":[{"embeddable":true,"href":"https:\/\/aziendailmelograno.it\/de\/wp-json\/wp\/v2\/comments?post=2678"}],"version-history":[{"count":3,"href":"https:\/\/aziendailmelograno.it\/de\/wp-json\/wp\/v2\/pages\/2678\/revisions"}],"predecessor-version":[{"id":2702,"href":"https:\/\/aziendailmelograno.it\/de\/wp-json\/wp\/v2\/pages\/2678\/revisions\/2702"}],"wp:attachment":[{"href":"https:\/\/aziendailmelograno.it\/de\/wp-json\/wp\/v2\/media?parent=2678"}],"curies":[{"name":"wp","href":"https:\/\/api.w.org\/{rel}","templated":true}]}}